{"id":685,"date":"2022-11-29T20:10:58","date_gmt":"2022-11-30T01:10:58","guid":{"rendered":"https:\/\/dev.fanyf.com\/tienda\/?post_type=product&#038;p=685"},"modified":"2025-08-13T16:45:01","modified_gmt":"2025-08-13T21:45:01","slug":"orientacion-para-convertir-tu-negocio-en-franquicia","status":"publish","type":"product","link":"https:\/\/www.fanyf.com\/tienda\/producto\/orientacion-para-convertir-tu-negocio-en-franquicia\/","title":{"rendered":"Orientaci\u00f3n para convertir tu negocio en franquicia"},"content":{"rendered":"<p><strong>En esta asesor\u00eda podr\u00e1s encontrar orientaci\u00f3n en:<\/strong><\/p>\n<ul>\n<li>Situaci\u00f3n de mercado de las franquicias en Colombia.<\/li>\n<li>Alternativas de modelos de expansi\u00f3n de negocios.<\/li>\n<li>Revisi\u00f3n situaci\u00f3n presente y proyectada del negocio a franquiciar.<\/li>\n<li>Analizar si su empresa puede desarrollar una franquicia.<\/li>\n<li>Revisi\u00f3n preliminar de la experiencia empresarial.<\/li>\n<li>Verificaci\u00f3n de los elementos diferenciales respecto a sus competidores.<\/li>\n<li>El alcance del desarrollo de un proyecto estrat\u00e9gico de franquicia.<\/li>\n<li>Conocer sobre las particularidades de los acuerdos de franquicia.<\/li>\n<\/ul>\n","protected":false},"excerpt":{"rendered":"<p>Puedes contratar esta asesor\u00eda de manera presencial o virtual.<br \/>\n<strong>AGENDA DISPONIBLE A PARTIR DEL 20\/09\/2025<\/strong><\/p>\n","protected":false},"featured_media":1036,"comment_status":"open","ping_status":"closed","template":"","meta":{"site-sidebar-layout":"default","site-content-layout":"default","ast-site-content-layout":"default","site-content-style":"default","site-sidebar-style":"default","ast-global-header-display":"","ast-banner-title-visibility":"","ast-main-header-display":"","ast-hfb-above-header-display":"","ast-hfb-below-header-display":"","ast-hfb-mobile-header-display":"","site-post-title":"","ast-breadcrumbs-content":"","ast-featured-img":"","footer-sml-layout":"","theme-transparent-header-meta":"default","adv-header-id-meta":"","stick-header-meta":"","header-above-stick-meta":"","header-main-stick-meta":"","header-below-stick-meta":"","astra-migrate-meta-layouts":"set","ast-page-background-enabled":"default","ast-page-background-meta":{"desktop":{"background-color":"","background-image":"","background-repeat":"repeat","background-position":"center center","background-size":"auto","background-attachment":"scroll","background-type":"","background-media":"","overlay-type":"","overlay-color":"","overlay-opacity":"","overlay-gradient":""},"tablet":{"background-color":"","background-image":"","background-repeat":"repeat","background-position":"center center","background-size":"auto","background-attachment":"scroll","background-type":"","background-media":"","overlay-type":"","overlay-color":"","overlay-opacity":"","overlay-gradient":""},"mobile":{"background-color":"","background-image":"","background-repeat":"repeat","background-position":"center center","background-size":"auto","background-attachment":"scroll","background-type":"","background-media":"","overlay-type":"","overlay-color":"","overlay-opacity":"","overlay-gradient":""}},"ast-content-background-meta":{"desktop":{"background-color":"var(--ast-global-color-5)","background-image":"","background-repeat":"repeat","background-position":"center center","background-size":"auto","background-attachment":"scroll","background-type":"","background-media":"","overlay-type":"","overlay-color":"","overlay-opacity":"","overlay-gradient":""},"tablet":{"background-color":"var(--ast-global-color-5)","background-image":"","background-repeat":"repeat","background-position":"center center","background-size":"auto","background-attachment":"scroll","background-type":"","background-media":"","overlay-type":"","overlay-color":"","overlay-opacity":"","overlay-gradient":""},"mobile":{"background-color":"var(--ast-global-color-5)","background-image":"","background-repeat":"repeat","background-position":"center center","background-size":"auto","background-attachment":"scroll","background-type":"","background-media":"","overlay-type":"","overlay-color":"","overlay-opacity":"","overlay-gradient":""}}},"product_brand":[],"product_cat":[35],"product_tag":[],"class_list":{"0":"post-685","1":"product","2":"type-product","3":"status-publish","4":"has-post-thumbnail","6":"product_cat-asesorias","7":"desktop-align-left","8":"tablet-align-left","9":"mobile-align-left","11":"first","12":"instock","13":"virtual","14":"purchasable","15":"product-type-simple"},"_links":{"self":[{"href":"https:\/\/www.fanyf.com\/tienda\/wp-json\/wp\/v2\/product\/685","targetHints":{"allow":["GET"]}}],"collection":[{"href":"https:\/\/www.fanyf.com\/tienda\/wp-json\/wp\/v2\/product"}],"about":[{"href":"https:\/\/www.fanyf.com\/tienda\/wp-json\/wp\/v2\/types\/product"}],"replies":[{"embeddable":true,"href":"https:\/\/www.fanyf.com\/tienda\/wp-json\/wp\/v2\/comments?post=685"}],"wp:featuredmedia":[{"embeddable":true,"href":"https:\/\/www.fanyf.com\/tienda\/wp-json\/wp\/v2\/media\/1036"}],"wp:attachment":[{"href":"https:\/\/www.fanyf.com\/tienda\/wp-json\/wp\/v2\/media?parent=685"}],"wp:term":[{"taxonomy":"product_brand","embeddable":true,"href":"https:\/\/www.fanyf.com\/tienda\/wp-json\/wp\/v2\/product_brand?post=685"},{"taxonomy":"product_cat","embeddable":true,"href":"https:\/\/www.fanyf.com\/tienda\/wp-json\/wp\/v2\/product_cat?post=685"},{"taxonomy":"product_tag","embeddable":true,"href":"https:\/\/www.fanyf.com\/tienda\/wp-json\/wp\/v2\/product_tag?post=685"}],"curies":[{"name":"wp","href":"https:\/\/api.w.org\/{rel}","templated":true}]}}